{"id":1212,"date":"2025-11-24T18:00:33","date_gmt":"2025-11-24T17:00:33","guid":{"rendered":"https:\/\/oleis-travelevents.org\/team-building-es\/"},"modified":"2026-02-19T17:51:48","modified_gmt":"2026-02-19T16:51:48","slug":"team-building","status":"publish","type":"page","link":"https:\/\/oleis-travelevents.org\/es\/team-building\/","title":{"rendered":"Team Building"},"content":{"rendered":"\t\t<div data-elementor-type=\"wp-page\" data-elementor-id=\"1212\" class=\"elementor elementor-1212 elementor-533\" data-elementor-post-type=\"page\">\n\t\t\t\t<div class=\"elementor-element elementor-element-b15df36 e-con-full e-flex e-con e-parent\" data-id=\"b15df36\" data-element_type=\"container\">\n\t\t\t\t<div class=\"elementor-element elementor-element-387fa5c elementor-widget elementor-widget-oleis_custom_hero_block\" data-id=\"387fa5c\" data-element_type=\"widget\" data-widget_type=\"oleis_custom_hero_block.default\">\n\t\t\t\t<div class=\"elementor-widget-container\">\n\t\t\t\t\t\n        <div class=\"hero-block hero-block--split\">\n            <!-- Contenu gauche -->\n            <div class=\"hero-block__content\">\n                                    <h1 class=\"hero-title\">Team building en Provenza<\/h1>\n                \n                                    <p class=\"hero-subtitle\">Refuerce la cohesi\u00f3n de sus equipos con nuestras actividades a medida<\/p>\n                \n                                    <ul class=\"hero-list\">\n                                                    <li>\n                                <svg class=\"hero-list__icon\" width=\"24\" height=\"24\" viewBox=\"0 0 24 24\" fill=\"none\" xmlns=\"http:\/\/www.w3.org\/2000\/svg\">\n                                    <path d=\"M9 12L11 14L15 10M21 12C21 16.9706 16.9706 21 12 21C7.02944 21 3 16.9706 3 12C3 7.02944 7.02944 3 12 3C16.9706 3 21 7.02944 21 12Z\" stroke=\"currentColor\" stroke-width=\"2\" stroke-linecap=\"round\" stroke-linejoin=\"round\"\/>\n                                <\/svg>\n                                <span>80 activit\u00e9s diff\u00e9rentes<\/span>\n                            <\/li>\n                                                    <li>\n                                <svg class=\"hero-list__icon\" width=\"24\" height=\"24\" viewBox=\"0 0 24 24\" fill=\"none\" xmlns=\"http:\/\/www.w3.org\/2000\/svg\">\n                                    <path d=\"M9 12L11 14L15 10M21 12C21 16.9706 16.9706 21 12 21C7.02944 21 3 16.9706 3 12C3 7.02944 7.02944 3 12 3C16.9706 3 21 7.02944 21 12Z\" stroke=\"currentColor\" stroke-width=\"2\" stroke-linecap=\"round\" stroke-linejoin=\"round\"\/>\n                                <\/svg>\n                                <span>Partout dans le Sud de la France<\/span>\n                            <\/li>\n                                                    <li>\n                                <svg class=\"hero-list__icon\" width=\"24\" height=\"24\" viewBox=\"0 0 24 24\" fill=\"none\" xmlns=\"http:\/\/www.w3.org\/2000\/svg\">\n                                    <path d=\"M9 12L11 14L15 10M21 12C21 16.9706 16.9706 21 12 21C7.02944 21 3 16.9706 3 12C3 7.02944 7.02944 3 12 3C16.9706 3 21 7.02944 21 12Z\" stroke=\"currentColor\" stroke-width=\"2\" stroke-linecap=\"round\" stroke-linejoin=\"round\"\/>\n                                <\/svg>\n                                <span>De 10 \u00e0 500+ participants<\/span>\n                            <\/li>\n                                                    <li>\n                                <svg class=\"hero-list__icon\" width=\"24\" height=\"24\" viewBox=\"0 0 24 24\" fill=\"none\" xmlns=\"http:\/\/www.w3.org\/2000\/svg\">\n                                    <path d=\"M9 12L11 14L15 10M21 12C21 16.9706 16.9706 21 12 21C7.02944 21 3 16.9706 3 12C3 7.02944 7.02944 3 12 3C16.9706 3 21 7.02944 21 12Z\" stroke=\"currentColor\" stroke-width=\"2\" stroke-linecap=\"round\" stroke-linejoin=\"round\"\/>\n                                <\/svg>\n                                <span>Organisation cl\u00e9 en main<\/span>\n                            <\/li>\n                                            <\/ul>\n                            <\/div>\n\n            <!-- Image droite -->\n            <div class=\"hero-block__image\">\n                <img decoding=\"async\"\n                    src=\"https:\/\/oleis-travelevents.org\/wp-content\/uploads\/2026\/01\/tb.webp\"\n                                        srcset=\"https:\/\/oleis-travelevents.org\/wp-content\/uploads\/2026\/01\/tb.webp 1512w, https:\/\/oleis-travelevents.org\/wp-content\/uploads\/2026\/01\/tb-300x158.webp 300w, https:\/\/oleis-travelevents.org\/wp-content\/uploads\/2026\/01\/tb-1024x539.webp 1024w, https:\/\/oleis-travelevents.org\/wp-content\/uploads\/2026\/01\/tb-768x404.webp 768w\"\n                    sizes=\"(max-width: 768px) 100vw, 50vw\"\n                                        alt=\"\"\n                    loading=\"eager\"\n                \/>\n                <div class=\"hero-block__image-overlay\" style=\"background-color: #D1623A; opacity: 0.8;\"><\/div>\n            <\/div>\n        <\/div>\n\n\t\t\t\t<\/div>\n\t\t\t\t<\/div>\n\t\t\t\t<\/div>\n\t\t<section class=\"elementor-element elementor-element-1e13cc4 bg-white e-flex e-con-boxed e-con e-parent\" data-id=\"1e13cc4\" data-element_type=\"container\">\n\t\t\t\t\t<div class=\"e-con-inner\">\n\t\t\t\t<div class=\"elementor-element elementor-element-110b458 elementor-widget elementor-widget-heading\" data-id=\"110b458\" data-element_type=\"widget\" data-widget_type=\"heading.default\">\n\t\t\t\t\t<h2 class=\"elementor-heading-title elementor-size-default\">Descubra todos nuestros destinos<\/h2>\t\t\t\t<\/div>\n\t\t\t\t<div class=\"elementor-element elementor-element-8e2c069 elementor-widget elementor-widget-shortcode\" data-id=\"8e2c069\" data-element_type=\"widget\" data-widget_type=\"shortcode.default\">\n\t\t\t\t\t\t\t<div class=\"elementor-shortcode\">    <div class=\"oleis-univers-grid\" data-columns=\"4\">\n                    <a href=\"https:\/\/oleis-travelevents.org\/es\/team-building\/aix-en-provence\/\"\n               class=\"oleis-univers-card\"\n               aria-label=\"Aix-en-Provence\">\n\n                <div class=\"oleis-univers-card__image\">\n                    <img fetchpriority=\"high\" src=\"https:\/\/oleis-travelevents.org\/wp-content\/uploads\/2025\/12\/aixenprovence-1-1024x395.webp\"\n                         alt=\"Centre ville d&#039;Aix en Provence\"\n                         width=\"800\"\n                         height=\"309\"\n                                                  srcset=\"https:\/\/oleis-travelevents.org\/wp-content\/uploads\/2025\/12\/aixenprovence-1-1024x395.webp 1024w, https:\/\/oleis-travelevents.org\/wp-content\/uploads\/2025\/12\/aixenprovence-1-300x116.webp 300w, https:\/\/oleis-travelevents.org\/wp-content\/uploads\/2025\/12\/aixenprovence-1-768x296.webp 768w, https:\/\/oleis-travelevents.org\/wp-content\/uploads\/2025\/12\/aixenprovence-1-1536x592.webp 1536w, https:\/\/oleis-travelevents.org\/wp-content\/uploads\/2025\/12\/aixenprovence-1.webp 1992w\"\n                         sizes=\"(max-width: 480px) 100vw, (max-width: 768px) 50vw, 25vw\"\n                                                  loading=\"eager\"\n                         decoding=\"async\">\n                <\/div>\n\n                <div class=\"oleis-univers-card__overlay\"><\/div>\n\n                <div class=\"oleis-univers-card__content\">\n                    <h3 class=\"oleis-univers-card__title\">Aix-en-Provence<\/h3>\n                    <span class=\"oleis-univers-card__cta\" aria-hidden=\"true\">\n                        Descubrir                        <svg width=\"16\" height=\"16\" viewBox=\"0 0 24 24\" fill=\"none\" stroke=\"currentColor\" stroke-width=\"2\">\n                            <path d=\"M5 12h14M12 5l7 7-7 7\"\/>\n                        <\/svg>\n                    <\/span>\n                <\/div>\n\n            <\/a>\n                    <a href=\"https:\/\/oleis-travelevents.org\/es\/team-building\/arles-nimes-camargue\/\"\n               class=\"oleis-univers-card\"\n               aria-label=\"Arles-Nimes-Camargue\">\n\n                <div class=\"oleis-univers-card__image\">\n                    <img src=\"https:\/\/oleis-travelevents.org\/wp-content\/uploads\/2025\/12\/Camargues.webp\"\n                         alt=\"Paysage de la Camargue\"\n                         width=\"800\"\n                         height=\"600\"\n                                                  srcset=\"https:\/\/oleis-travelevents.org\/wp-content\/uploads\/2025\/12\/Camargues.webp 1024w, https:\/\/oleis-travelevents.org\/wp-content\/uploads\/2025\/12\/Camargues-300x225.webp 300w, https:\/\/oleis-travelevents.org\/wp-content\/uploads\/2025\/12\/Camargues-768x576.webp 768w\"\n                         sizes=\"(max-width: 480px) 100vw, (max-width: 768px) 50vw, 25vw\"\n                                                  loading=\"eager\"\n                         decoding=\"async\">\n                <\/div>\n\n                <div class=\"oleis-univers-card__overlay\"><\/div>\n\n                <div class=\"oleis-univers-card__content\">\n                    <h3 class=\"oleis-univers-card__title\">Arles-Nimes-Camargue<\/h3>\n                    <span class=\"oleis-univers-card__cta\" aria-hidden=\"true\">\n                        Descubrir                        <svg width=\"16\" height=\"16\" viewBox=\"0 0 24 24\" fill=\"none\" stroke=\"currentColor\" stroke-width=\"2\">\n                            <path d=\"M5 12h14M12 5l7 7-7 7\"\/>\n                        <\/svg>\n                    <\/span>\n                <\/div>\n\n            <\/a>\n                    <a href=\"https:\/\/oleis-travelevents.org\/es\/team-building\/avignon-alpilles-luberon\/\"\n               class=\"oleis-univers-card\"\n               aria-label=\"Avignon-Alpilles-Luberon\">\n\n                <div class=\"oleis-univers-card__image\">\n                    <img src=\"https:\/\/oleis-travelevents.org\/wp-content\/uploads\/2025\/11\/avignon.webp\"\n                         alt=\"Pont d&#039;avignon au couch\u00e9 du soleil\"\n                         width=\"800\"\n                         height=\"463\"\n                                                  srcset=\"https:\/\/oleis-travelevents.org\/wp-content\/uploads\/2025\/11\/avignon.webp 1024w, https:\/\/oleis-travelevents.org\/wp-content\/uploads\/2025\/11\/avignon-300x174.webp 300w, https:\/\/oleis-travelevents.org\/wp-content\/uploads\/2025\/11\/avignon-768x445.webp 768w\"\n                         sizes=\"(max-width: 480px) 100vw, (max-width: 768px) 50vw, 25vw\"\n                                                  loading=\"eager\"\n                         decoding=\"async\">\n                <\/div>\n\n                <div class=\"oleis-univers-card__overlay\"><\/div>\n\n                <div class=\"oleis-univers-card__content\">\n                    <h3 class=\"oleis-univers-card__title\">Avignon-Alpilles-Luberon<\/h3>\n                    <span class=\"oleis-univers-card__cta\" aria-hidden=\"true\">\n                        Descubrir                        <svg width=\"16\" height=\"16\" viewBox=\"0 0 24 24\" fill=\"none\" stroke=\"currentColor\" stroke-width=\"2\">\n                            <path d=\"M5 12h14M12 5l7 7-7 7\"\/>\n                        <\/svg>\n                    <\/span>\n                <\/div>\n\n            <\/a>\n                    <a href=\"https:\/\/oleis-travelevents.org\/es\/team-building\/cannes\/\"\n               class=\"oleis-univers-card\"\n               aria-label=\"Cannes\">\n\n                <div class=\"oleis-univers-card__image\">\n                    <img src=\"https:\/\/oleis-travelevents.org\/wp-content\/uploads\/2025\/12\/cannes.webp\"\n                         alt=\"Ville de Cannes\"\n                         width=\"800\"\n                         height=\"534\"\n                                                  srcset=\"https:\/\/oleis-travelevents.org\/wp-content\/uploads\/2025\/12\/cannes.webp 1024w, https:\/\/oleis-travelevents.org\/wp-content\/uploads\/2025\/12\/cannes-300x200.webp 300w, https:\/\/oleis-travelevents.org\/wp-content\/uploads\/2025\/12\/cannes-768x512.webp 768w\"\n                         sizes=\"(max-width: 480px) 100vw, (max-width: 768px) 50vw, 25vw\"\n                                                  loading=\"eager\"\n                         decoding=\"async\">\n                <\/div>\n\n                <div class=\"oleis-univers-card__overlay\"><\/div>\n\n                <div class=\"oleis-univers-card__content\">\n                    <h3 class=\"oleis-univers-card__title\">Cannes<\/h3>\n                    <span class=\"oleis-univers-card__cta\" aria-hidden=\"true\">\n                        Descubrir                        <svg width=\"16\" height=\"16\" viewBox=\"0 0 24 24\" fill=\"none\" stroke=\"currentColor\" stroke-width=\"2\">\n                            <path d=\"M5 12h14M12 5l7 7-7 7\"\/>\n                        <\/svg>\n                    <\/span>\n                <\/div>\n\n            <\/a>\n                    <a href=\"https:\/\/oleis-travelevents.org\/es\/team-building\/marseille\/\"\n               class=\"oleis-univers-card\"\n               aria-label=\"Marseille\">\n\n                <div class=\"oleis-univers-card__image\">\n                    <img loading=\"lazy\" src=\"https:\/\/oleis-travelevents.org\/wp-content\/uploads\/2025\/11\/seminaire-a-marseille-vieux-port-dJoJ8bDp4wSqRE0j.webp\"\n                         alt=\"Vieux port vu du Palais du Pharo\"\n                         width=\"800\"\n                         height=\"450\"\n                                                  srcset=\"https:\/\/oleis-travelevents.org\/wp-content\/uploads\/2025\/11\/seminaire-a-marseille-vieux-port-dJoJ8bDp4wSqRE0j.webp 1024w, https:\/\/oleis-travelevents.org\/wp-content\/uploads\/2025\/11\/seminaire-a-marseille-vieux-port-dJoJ8bDp4wSqRE0j-300x169.webp 300w, https:\/\/oleis-travelevents.org\/wp-content\/uploads\/2025\/11\/seminaire-a-marseille-vieux-port-dJoJ8bDp4wSqRE0j-768x432.webp 768w\"\n                         sizes=\"auto, (max-width: 480px) 100vw, (max-width: 768px) 50vw, 25vw\"\n                                                  loading=\"lazy\"\n                         decoding=\"async\">\n                <\/div>\n\n                <div class=\"oleis-univers-card__overlay\"><\/div>\n\n                <div class=\"oleis-univers-card__content\">\n                    <h3 class=\"oleis-univers-card__title\">Marseille<\/h3>\n                    <span class=\"oleis-univers-card__cta\" aria-hidden=\"true\">\n                        Descubrir                        <svg width=\"16\" height=\"16\" viewBox=\"0 0 24 24\" fill=\"none\" stroke=\"currentColor\" stroke-width=\"2\">\n                            <path d=\"M5 12h14M12 5l7 7-7 7\"\/>\n                        <\/svg>\n                    <\/span>\n                <\/div>\n\n            <\/a>\n                    <a href=\"https:\/\/oleis-travelevents.org\/es\/team-building\/montpellier\/\"\n               class=\"oleis-univers-card\"\n               aria-label=\"Montpellier\">\n\n                <div class=\"oleis-univers-card__image\">\n                    <img loading=\"lazy\" src=\"https:\/\/oleis-travelevents.org\/wp-content\/uploads\/2026\/01\/vlad-hilitanu-6Qx2nRuKw1w-unsplash-754x1024.webp\"\n                         alt=\"Ancienne \u00e9glise Sainte Anne\"\n                         width=\"754\"\n                         height=\"1024\"\n                                                  srcset=\"https:\/\/oleis-travelevents.org\/wp-content\/uploads\/2026\/01\/vlad-hilitanu-6Qx2nRuKw1w-unsplash-754x1024.webp 754w, https:\/\/oleis-travelevents.org\/wp-content\/uploads\/2026\/01\/vlad-hilitanu-6Qx2nRuKw1w-unsplash-221x300.webp 221w, https:\/\/oleis-travelevents.org\/wp-content\/uploads\/2026\/01\/vlad-hilitanu-6Qx2nRuKw1w-unsplash-768x1043.webp 768w, https:\/\/oleis-travelevents.org\/wp-content\/uploads\/2026\/01\/vlad-hilitanu-6Qx2nRuKw1w-unsplash.webp 1024w\"\n                         sizes=\"auto, (max-width: 480px) 100vw, (max-width: 768px) 50vw, 25vw\"\n                                                  loading=\"lazy\"\n                         decoding=\"async\">\n                <\/div>\n\n                <div class=\"oleis-univers-card__overlay\"><\/div>\n\n                <div class=\"oleis-univers-card__content\">\n                    <h3 class=\"oleis-univers-card__title\">Montpellier<\/h3>\n                    <span class=\"oleis-univers-card__cta\" aria-hidden=\"true\">\n                        Descubrir                        <svg width=\"16\" height=\"16\" viewBox=\"0 0 24 24\" fill=\"none\" stroke=\"currentColor\" stroke-width=\"2\">\n                            <path d=\"M5 12h14M12 5l7 7-7 7\"\/>\n                        <\/svg>\n                    <\/span>\n                <\/div>\n\n            <\/a>\n                    <a href=\"https:\/\/oleis-travelevents.org\/es\/team-building\/nice\/\"\n               class=\"oleis-univers-card\"\n               aria-label=\"Nice\">\n\n                <div class=\"oleis-univers-card__image\">\n                    <img loading=\"lazy\" src=\"https:\/\/oleis-travelevents.org\/wp-content\/uploads\/2025\/12\/Nice.webp\"\n                         alt=\"Vieille ville de Nice vue de la colline du chateau\"\n                         width=\"800\"\n                         height=\"600\"\n                                                  srcset=\"https:\/\/oleis-travelevents.org\/wp-content\/uploads\/2025\/12\/Nice.webp 1024w, https:\/\/oleis-travelevents.org\/wp-content\/uploads\/2025\/12\/Nice-300x225.webp 300w, https:\/\/oleis-travelevents.org\/wp-content\/uploads\/2025\/12\/Nice-768x576.webp 768w\"\n                         sizes=\"auto, (max-width: 480px) 100vw, (max-width: 768px) 50vw, 25vw\"\n                                                  loading=\"lazy\"\n                         decoding=\"async\">\n                <\/div>\n\n                <div class=\"oleis-univers-card__overlay\"><\/div>\n\n                <div class=\"oleis-univers-card__content\">\n                    <h3 class=\"oleis-univers-card__title\">Nice<\/h3>\n                    <span class=\"oleis-univers-card__cta\" aria-hidden=\"true\">\n                        Descubrir                        <svg width=\"16\" height=\"16\" viewBox=\"0 0 24 24\" fill=\"none\" stroke=\"currentColor\" stroke-width=\"2\">\n                            <path d=\"M5 12h14M12 5l7 7-7 7\"\/>\n                        <\/svg>\n                    <\/span>\n                <\/div>\n\n            <\/a>\n            <\/div>\n    <\/div>\n\t\t\t\t\t\t<\/div>\n\t\t\t\t\t<\/div>\n\t\t\t\t<\/section>\n\t\t<div class=\"elementor-element elementor-element-2d07b9f e-con-full e-flex e-con e-parent\" data-id=\"2d07b9f\" data-element_type=\"container\">\n\t\t\t\t<div class=\"elementor-element elementor-element-c6ca9db elementor-widget elementor-widget-shortcode\" data-id=\"c6ca9db\" data-element_type=\"widget\" data-widget_type=\"shortcode.default\">\n\t\t\t\t\t\t\t<div class=\"elementor-shortcode\">    <section class=\"zone-cta\">\n        <div class=\"container\">\n            <div class=\"oleis-grid columns-2\">\n                <h2>\u00bfLe apetece un team building personalizado?<\/h2>\n                <div>\n                    <p>Un equipo experimentado atento a sus necesidades<\/p>\n                    <a href=\"https:\/\/oleis-travelevents.org\/es\/contacto\/\" class=\"btn-primary\">\n                        Cont\u00e1ctenos                    <\/a>\n                <\/div>\n            <\/div>\n        <\/div>\n    <\/section>\n    <\/div>\n\t\t\t\t\t\t<\/div>\n\t\t\t\t<\/div>\n\t\t\t\t<\/div>\n\t\t\n\n<div class=\"kk-star-ratings kksr-auto kksr-align-right kksr-valign-bottom\"\n    data-payload='{&quot;align&quot;:&quot;right&quot;,&quot;id&quot;:&quot;1212&quot;,&quot;slug&quot;:&quot;default&quot;,&quot;valign&quot;:&quot;bottom&quot;,&quot;ignore&quot;:&quot;&quot;,&quot;reference&quot;:&quot;auto&quot;,&quot;class&quot;:&quot;&quot;,&quot;count&quot;:&quot;0&quot;,&quot;legendonly&quot;:&quot;&quot;,&quot;readonly&quot;:&quot;&quot;,&quot;score&quot;:&quot;0&quot;,&quot;starsonly&quot;:&quot;&quot;,&quot;best&quot;:&quot;5&quot;,&quot;gap&quot;:&quot;5&quot;,&quot;greet&quot;:&quot;Rate this page&quot;,&quot;legend&quot;:&quot;0\\\/5 - (0 votos)&quot;,&quot;size&quot;:&quot;0&quot;,&quot;title&quot;:&quot;Team Building&quot;,&quot;width&quot;:&quot;0&quot;,&quot;_legend&quot;:&quot;{score}\\\/{best} - ({count} {votes})&quot;,&quot;font_factor&quot;:&quot;1.25&quot;}'>\n            \n<div class=\"kksr-stars\">\n    \n<div class=\"kksr-stars-inactive\">\n            <div class=\"kksr-star\" data-star=\"1\" style=\"padding-right: 5px\">\n            \n\n<div class=\"kksr-icon\" style=\"width: 0px; height: 0px;\"><\/div>\n        <\/div>\n            <div class=\"kksr-star\" data-star=\"2\" style=\"padding-right: 5px\">\n            \n\n<div class=\"kksr-icon\" style=\"width: 0px; height: 0px;\"><\/div>\n        <\/div>\n            <div class=\"kksr-star\" data-star=\"3\" style=\"padding-right: 5px\">\n            \n\n<div class=\"kksr-icon\" style=\"width: 0px; height: 0px;\"><\/div>\n        <\/div>\n            <div class=\"kksr-star\" data-star=\"4\" style=\"padding-right: 5px\">\n            \n\n<div class=\"kksr-icon\" style=\"width: 0px; height: 0px;\"><\/div>\n        <\/div>\n            <div class=\"kksr-star\" data-star=\"5\" style=\"padding-right: 5px\">\n            \n\n<div class=\"kksr-icon\" style=\"width: 0px; height: 0px;\"><\/div>\n        <\/div>\n    <\/div>\n    \n<div class=\"kksr-stars-active\" style=\"width: 0px;\">\n            <div class=\"kksr-star\" style=\"padding-right: 5px\">\n            \n\n<div class=\"kksr-icon\" style=\"width: 0px; height: 0px;\"><\/div>\n        <\/div>\n            <div class=\"kksr-star\" style=\"padding-right: 5px\">\n            \n\n<div class=\"kksr-icon\" style=\"width: 0px; height: 0px;\"><\/div>\n        <\/div>\n            <div class=\"kksr-star\" style=\"padding-right: 5px\">\n            \n\n<div class=\"kksr-icon\" style=\"width: 0px; height: 0px;\"><\/div>\n        <\/div>\n            <div class=\"kksr-star\" style=\"padding-right: 5px\">\n            \n\n<div class=\"kksr-icon\" style=\"width: 0px; height: 0px;\"><\/div>\n        <\/div>\n            <div class=\"kksr-star\" style=\"padding-right: 5px\">\n            \n\n<div class=\"kksr-icon\" style=\"width: 0px; height: 0px;\"><\/div>\n        <\/div>\n    <\/div>\n<\/div>\n                \n\n<div class=\"kksr-legend\" style=\"font-size: 0px;\">\n            <span class=\"kksr-muted\">Rate this page<\/span>\n    <\/div>\n    <\/div>\n","protected":false},"excerpt":{"rendered":"<p>Team building en Provenza Refuerce la cohesi\u00f3n de sus equipos con nuestras actividades a medida 80 activit\u00e9s diff\u00e9rentes Partout dans le Sud de la France De 10 \u00e0 500+ participants Organisation cl\u00e9 en main Descubra todos nuestros destinos<\/p>\n","protected":false},"author":1,"featured_media":0,"parent":0,"menu_order":0,"comment_status":"closed","ping_status":"closed","template":"","meta":{"_acf_changed":false,"footnotes":""},"class_list":["post-1212","page","type-page","status-publish","hentry"],"acf":[],"_links":{"self":[{"href":"https:\/\/oleis-travelevents.org\/es\/wp-json\/wp\/v2\/pages\/1212","targetHints":{"allow":["GET"]}}],"collection":[{"href":"https:\/\/oleis-travelevents.org\/es\/wp-json\/wp\/v2\/pages"}],"about":[{"href":"https:\/\/oleis-travelevents.org\/es\/wp-json\/wp\/v2\/types\/page"}],"author":[{"embeddable":true,"href":"https:\/\/oleis-travelevents.org\/es\/wp-json\/wp\/v2\/users\/1"}],"replies":[{"embeddable":true,"href":"https:\/\/oleis-travelevents.org\/es\/wp-json\/wp\/v2\/comments?post=1212"}],"version-history":[{"count":10,"href":"https:\/\/oleis-travelevents.org\/es\/wp-json\/wp\/v2\/pages\/1212\/revisions"}],"predecessor-version":[{"id":2779,"href":"https:\/\/oleis-travelevents.org\/es\/wp-json\/wp\/v2\/pages\/1212\/revisions\/2779"}],"wp:attachment":[{"href":"https:\/\/oleis-travelevents.org\/es\/wp-json\/wp\/v2\/media?parent=1212"}],"curies":[{"name":"wp","href":"https:\/\/api.w.org\/{rel}","templated":true}]}}