{"id":1083,"date":"2025-11-25T18:23:31","date_gmt":"2025-11-25T17:23:31","guid":{"rendered":"https:\/\/oleis-travelevents.org\/eventos-nocturnos\/"},"modified":"2026-01-14T14:16:32","modified_gmt":"2026-01-14T13:16:32","slug":"eventos-nocturnos","status":"publish","type":"page","link":"https:\/\/oleis-travelevents.org\/es\/eventos-nocturnos\/","title":{"rendered":"Eventos Nocturnos"},"content":{"rendered":"\t\t<div data-elementor-type=\"wp-page\" data-elementor-id=\"1083\" class=\"elementor elementor-1083 elementor-568\" data-elementor-post-type=\"page\">\n\t\t\t\t<div class=\"elementor-element elementor-element-5bd8a9d e-con-full e-flex e-con e-parent\" data-id=\"5bd8a9d\" data-element_type=\"container\">\n\t\t\t\t<div class=\"elementor-element elementor-element-b4fcaac elementor-widget elementor-widget-oleis_custom_hero_block\" data-id=\"b4fcaac\" data-element_type=\"widget\" data-widget_type=\"oleis_custom_hero_block.default\">\n\t\t\t\t<div class=\"elementor-widget-container\">\n\t\t\t\t\t\n        <div class=\"hero-block hero-block--split\">\n            <!-- Contenu gauche -->\n            <div class=\"hero-block__content\">\n                                    <h1 class=\"hero-title\">Fiesta de empresa en Provenza<\/h1>\n                \n                                    <p class=\"hero-subtitle\">Artistas con talento, animaciones originales y guiones para veladas tem\u00e1ticas que har\u00e1n de sus celebraciones momentos inolvidables.<\/p>\n                \n                                    <ul class=\"hero-list\">\n                                                    <li>\n                                <svg class=\"hero-list__icon\" width=\"24\" height=\"24\" viewBox=\"0 0 24 24\" fill=\"none\" xmlns=\"http:\/\/www.w3.org\/2000\/svg\">\n                                    <path d=\"M9 12L11 14L15 10M21 12C21 16.9706 16.9706 21 12 21C7.02944 21 3 16.9706 3 12C3 7.02944 7.02944 3 12 3C16.9706 3 21 7.02944 21 12Z\" stroke=\"currentColor\" stroke-width=\"2\" stroke-linecap=\"round\" stroke-linejoin=\"round\"\/>\n                                <\/svg>\n                                <span>Cerca de 30 escenarios y artistas diferentes.<\/span>\n                            <\/li>\n                                                    <li>\n                                <svg class=\"hero-list__icon\" width=\"24\" height=\"24\" viewBox=\"0 0 24 24\" fill=\"none\" xmlns=\"http:\/\/www.w3.org\/2000\/svg\">\n                                    <path d=\"M9 12L11 14L15 10M21 12C21 16.9706 16.9706 21 12 21C7.02944 21 3 16.9706 3 12C3 7.02944 7.02944 3 12 3C16.9706 3 21 7.02944 21 12Z\" stroke=\"currentColor\" stroke-width=\"2\" stroke-linecap=\"round\" stroke-linejoin=\"round\"\/>\n                                <\/svg>\n                                <span>Servicio en toda la Provenza<\/span>\n                            <\/li>\n                                                    <li>\n                                <svg class=\"hero-list__icon\" width=\"24\" height=\"24\" viewBox=\"0 0 24 24\" fill=\"none\" xmlns=\"http:\/\/www.w3.org\/2000\/svg\">\n                                    <path d=\"M9 12L11 14L15 10M21 12C21 16.9706 16.9706 21 12 21C7.02944 21 3 16.9706 3 12C3 7.02944 7.02944 3 12 3C16.9706 3 21 7.02944 21 12Z\" stroke=\"currentColor\" stroke-width=\"2\" stroke-linecap=\"round\" stroke-linejoin=\"round\"\/>\n                                <\/svg>\n                                <span>De 10 hasta 500+ participantes<\/span>\n                            <\/li>\n                                                    <li>\n                                <svg class=\"hero-list__icon\" width=\"24\" height=\"24\" viewBox=\"0 0 24 24\" fill=\"none\" xmlns=\"http:\/\/www.w3.org\/2000\/svg\">\n                                    <path d=\"M9 12L11 14L15 10M21 12C21 16.9706 16.9706 21 12 21C7.02944 21 3 16.9706 3 12C3 7.02944 7.02944 3 12 3C16.9706 3 21 7.02944 21 12Z\" stroke=\"currentColor\" stroke-width=\"2\" stroke-linecap=\"round\" stroke-linejoin=\"round\"\/>\n                                <\/svg>\n                                <span>Organizaci\u00f3n llave en mano y servicio personalizado<\/span>\n                            <\/li>\n                                            <\/ul>\n                            <\/div>\n\n            <!-- Image droite -->\n            <div class=\"hero-block__image\">\n                <img decoding=\"async\"\n                    src=\"https:\/\/oleis-travelevents.org\/wp-content\/uploads\/2026\/01\/soiree.webp\"\n                                        srcset=\"https:\/\/oleis-travelevents.org\/wp-content\/uploads\/2026\/01\/soiree.webp 1280w, https:\/\/oleis-travelevents.org\/wp-content\/uploads\/2026\/01\/soiree-300x200.webp 300w, https:\/\/oleis-travelevents.org\/wp-content\/uploads\/2026\/01\/soiree-1024x683.webp 1024w, https:\/\/oleis-travelevents.org\/wp-content\/uploads\/2026\/01\/soiree-768x512.webp 768w\"\n                    sizes=\"(max-width: 768px) 100vw, 50vw\"\n                                        alt=\"\"\n                    loading=\"eager\"\n                \/>\n                <div class=\"hero-block__image-overlay\" style=\"background-color: #7FFE00C7; opacity: 0.67;\"><\/div>\n            <\/div>\n        <\/div>\n\n\t\t\t\t<\/div>\n\t\t\t\t<\/div>\n\t\t\t\t<\/div>\n\t\t<div class=\"elementor-element elementor-element-ee6bc20 e-flex e-con-boxed e-con e-parent\" data-id=\"ee6bc20\" data-element_type=\"container\">\n\t\t\t\t\t<div class=\"e-con-inner\">\n\t\t\t\t<div class=\"elementor-element elementor-element-947a074 elementor-widget elementor-widget-shortcode\" data-id=\"947a074\" data-element_type=\"widget\" data-widget_type=\"shortcode.default\">\n\t\t\t\t\t\t\t<div class=\"elementor-shortcode\">    <div class=\"oleis-univers-grid\" data-columns=\"4\">\n                    <a href=\"https:\/\/oleis-travelevents.org\/es\/eventos-nocturnos\/animaciones-interactivas\/\"\n               class=\"oleis-univers-card\"\n               aria-label=\"Animaciones Interactivas\">\n\n                <div class=\"oleis-univers-card__image\">\n                    <img fetchpriority=\"high\" src=\"https:\/\/oleis-travelevents.org\/wp-content\/uploads\/2025\/12\/pexels-belle-co-99483-1000445-AVLJGlXWLyTvvKlq.webp\"\n                         alt=\"Groupe de gens sautant devant un couch\u00e9 de soleil\"\n                         width=\"800\"\n                         height=\"534\"\n                                                  srcset=\"https:\/\/oleis-travelevents.org\/wp-content\/uploads\/2025\/12\/pexels-belle-co-99483-1000445-AVLJGlXWLyTvvKlq.webp 1024w, https:\/\/oleis-travelevents.org\/wp-content\/uploads\/2025\/12\/pexels-belle-co-99483-1000445-AVLJGlXWLyTvvKlq-300x200.webp 300w, https:\/\/oleis-travelevents.org\/wp-content\/uploads\/2025\/12\/pexels-belle-co-99483-1000445-AVLJGlXWLyTvvKlq-768x512.webp 768w\"\n                         sizes=\"(max-width: 480px) 100vw, (max-width: 768px) 50vw, 25vw\"\n                                                  loading=\"eager\"\n                         decoding=\"async\">\n                <\/div>\n\n                <div class=\"oleis-univers-card__overlay\"><\/div>\n\n                <div class=\"oleis-univers-card__content\">\n                    <h3 class=\"oleis-univers-card__title\">Animaciones Interactivas<\/h3>\n                    <span class=\"oleis-univers-card__cta\" aria-hidden=\"true\">\n                        Descubrir                        <svg width=\"16\" height=\"16\" viewBox=\"0 0 24 24\" fill=\"none\" stroke=\"currentColor\" stroke-width=\"2\">\n                            <path d=\"M5 12h14M12 5l7 7-7 7\"\/>\n                        <\/svg>\n                    <\/span>\n                <\/div>\n\n            <\/a>\n                    <a href=\"https:\/\/oleis-travelevents.org\/es\/eventos-nocturnos\/animaciones-musicales\/\"\n               class=\"oleis-univers-card\"\n               aria-label=\"Animaciones Musicales\">\n\n                <div class=\"oleis-univers-card__image\">\n                    <img src=\"https:\/\/oleis-travelevents.org\/wp-content\/uploads\/2026\/01\/abstral-official-fnYHoNUJUNQ-unsplash-1.webp\"\n                         alt=\"Femme chantant en concert\"\n                         width=\"800\"\n                         height=\"534\"\n                                                  srcset=\"https:\/\/oleis-travelevents.org\/wp-content\/uploads\/2026\/01\/abstral-official-fnYHoNUJUNQ-unsplash-1.webp 1024w, https:\/\/oleis-travelevents.org\/wp-content\/uploads\/2026\/01\/abstral-official-fnYHoNUJUNQ-unsplash-1-300x200.webp 300w, https:\/\/oleis-travelevents.org\/wp-content\/uploads\/2026\/01\/abstral-official-fnYHoNUJUNQ-unsplash-1-768x512.webp 768w\"\n                         sizes=\"(max-width: 480px) 100vw, (max-width: 768px) 50vw, 25vw\"\n                                                  loading=\"eager\"\n                         decoding=\"async\">\n                <\/div>\n\n                <div class=\"oleis-univers-card__overlay\"><\/div>\n\n                <div class=\"oleis-univers-card__content\">\n                    <h3 class=\"oleis-univers-card__title\">Animaciones Musicales<\/h3>\n                    <span class=\"oleis-univers-card__cta\" aria-hidden=\"true\">\n                        Descubrir                        <svg width=\"16\" height=\"16\" viewBox=\"0 0 24 24\" fill=\"none\" stroke=\"currentColor\" stroke-width=\"2\">\n                            <path d=\"M5 12h14M12 5l7 7-7 7\"\/>\n                        <\/svg>\n                    <\/span>\n                <\/div>\n\n            <\/a>\n                    <a href=\"https:\/\/oleis-travelevents.org\/es\/eventos-nocturnos\/eventos-tematicos\/\"\n               class=\"oleis-univers-card\"\n               aria-label=\"Eventos Tem\u00e1ticos\">\n\n                <div class=\"oleis-univers-card__image\">\n                    <img src=\"https:\/\/oleis-travelevents.org\/wp-content\/uploads\/2025\/12\/photo-1671432716271-7a7e9946700c-copie.webp\"\n                         alt=\"Hollywood hall of fame\"\n                         width=\"800\"\n                         height=\"449\"\n                                                  srcset=\"https:\/\/oleis-travelevents.org\/wp-content\/uploads\/2025\/12\/photo-1671432716271-7a7e9946700c-copie.webp 1024w, https:\/\/oleis-travelevents.org\/wp-content\/uploads\/2025\/12\/photo-1671432716271-7a7e9946700c-copie-300x168.webp 300w, https:\/\/oleis-travelevents.org\/wp-content\/uploads\/2025\/12\/photo-1671432716271-7a7e9946700c-copie-768x431.webp 768w\"\n                         sizes=\"(max-width: 480px) 100vw, (max-width: 768px) 50vw, 25vw\"\n                                                  loading=\"eager\"\n                         decoding=\"async\">\n                <\/div>\n\n                <div class=\"oleis-univers-card__overlay\"><\/div>\n\n                <div class=\"oleis-univers-card__content\">\n                    <h3 class=\"oleis-univers-card__title\">Eventos Tem\u00e1ticos<\/h3>\n                    <span class=\"oleis-univers-card__cta\" aria-hidden=\"true\">\n                        Descubrir                        <svg width=\"16\" height=\"16\" viewBox=\"0 0 24 24\" fill=\"none\" stroke=\"currentColor\" stroke-width=\"2\">\n                            <path d=\"M5 12h14M12 5l7 7-7 7\"\/>\n                        <\/svg>\n                    <\/span>\n                <\/div>\n\n            <\/a>\n            <\/div>\n    <\/div>\n\t\t\t\t\t\t<\/div>\n\t\t\t\t\t<\/div>\n\t\t\t\t<\/div>\n\t\t<section class=\"elementor-element elementor-element-63181d2 e-grid e-con-boxed e-con e-parent\" data-id=\"63181d2\" data-element_type=\"container\">\n\t\t\t\t\t<div class=\"e-con-inner\">\n\t\t<div class=\"elementor-element elementor-element-9dceea2 e-con-full e-flex e-con e-child\" data-id=\"9dceea2\" data-element_type=\"container\">\n\t\t\t\t<div class=\"elementor-element elementor-element-d773798 elementor-widget elementor-widget-heading\" data-id=\"d773798\" data-element_type=\"widget\" data-widget_type=\"heading.default\">\n\t\t\t\t\t<h2 class=\"elementor-heading-title elementor-size-default\">\u00a1Creamos el ambiente con el que sue\u00f1as!<\/h2>\t\t\t\t<\/div>\n\t\t\t\t<div class=\"elementor-element elementor-element-161d8cc elementor-widget elementor-widget-image\" data-id=\"161d8cc\" data-element_type=\"widget\" data-widget_type=\"image.default\">\n\t\t\t\t\t\t\t\t\t\t\t\t\t\t\t<img decoding=\"async\" width=\"800\" height=\"534\" src=\"https:\/\/oleis-travelevents.org\/wp-content\/uploads\/2026\/01\/pexels-javon-swaby-197616-3279691.webp\" class=\"attachment-large size-large wp-image-2465\" alt=\"Table de Black Jack\" srcset=\"https:\/\/oleis-travelevents.org\/wp-content\/uploads\/2026\/01\/pexels-javon-swaby-197616-3279691.webp 1024w, https:\/\/oleis-travelevents.org\/wp-content\/uploads\/2026\/01\/pexels-javon-swaby-197616-3279691-300x200.webp 300w, https:\/\/oleis-travelevents.org\/wp-content\/uploads\/2026\/01\/pexels-javon-swaby-197616-3279691-768x512.webp 768w\" sizes=\"(max-width: 800px) 100vw, 800px\" \/>\t\t\t\t\t\t\t\t\t\t\t\t\t\t\t<\/div>\n\t\t\t\t<\/div>\n\t\t\t\t<div class=\"elementor-element elementor-element-a7158d8 elementor-widget elementor-widget-text-editor\" data-id=\"a7158d8\" data-element_type=\"widget\" data-widget_type=\"text-editor.default\">\n\t\t\t\t\t\t\t\t\t<div id=\"zl4LEE\" class=\"text-box layout-element__component layout-element__component--GridTextBox\" data-v-862b8f16=\"\" data-qa=\"gridtextbox:zl4lee\"><p><b>Oleis Travel Events<\/b> es su agencia de confianza para la organizaci\u00f3n de <b>eventos corporativos en Provenza y en toda Francia<\/b>.<\/p><p>Especializada en el dise\u00f1o y la producci\u00f3n de <b>veladas profesionales a medida<\/b>, nuestra agencia acompa\u00f1a a las empresas en la creaci\u00f3n de eventos de gran valor a\u00f1adido, que combinan <b>creatividad, elegancia e impacto<\/b>.<\/p><p>Veladas de gala, eventos para clientes, celebraciones de \u00e9xitos, lanzamientos de productos o veladas de cohesi\u00f3n: cada proyecto se dise\u00f1a para reflejar su imagen y alcanzar sus objetivos.<\/p><p>Gracias a nuestra <b>amplia experiencia en eventos<\/b>, organizamos cada detalle con exigencia: selecci\u00f3n de lugares excepcionales, escenograf\u00eda, animaciones inmersivas, experiencias culinarias refinadas y una coordinaci\u00f3n t\u00e9cnica impecable.<\/p><p>Conf\u00ede en <b>Oleis Travel Events<\/b> para convertir su evento corporativo en un <b>momento excepcional<\/b>, significativo y que perdure en la memoria de sus empleados y socios.<\/p><\/div>\t\t\t\t\t\t\t\t<\/div>\n\t\t\t\t\t<\/div>\n\t\t\t\t<\/section>\n\t\t\t\t<\/div>\n\t\t\n\n<div class=\"kk-star-ratings kksr-auto kksr-align-right kksr-valign-bottom\"\n    data-payload='{&quot;align&quot;:&quot;right&quot;,&quot;id&quot;:&quot;1083&quot;,&quot;slug&quot;:&quot;default&quot;,&quot;valign&quot;:&quot;bottom&quot;,&quot;ignore&quot;:&quot;&quot;,&quot;reference&quot;:&quot;auto&quot;,&quot;class&quot;:&quot;&quot;,&quot;count&quot;:&quot;0&quot;,&quot;legendonly&quot;:&quot;&quot;,&quot;readonly&quot;:&quot;&quot;,&quot;score&quot;:&quot;0&quot;,&quot;starsonly&quot;:&quot;&quot;,&quot;best&quot;:&quot;5&quot;,&quot;gap&quot;:&quot;5&quot;,&quot;greet&quot;:&quot;Rate this page&quot;,&quot;legend&quot;:&quot;0\\\/5 - (0 votos)&quot;,&quot;size&quot;:&quot;0&quot;,&quot;title&quot;:&quot;Eventos Nocturnos&quot;,&quot;width&quot;:&quot;0&quot;,&quot;_legend&quot;:&quot;{score}\\\/{best} - ({count} {votes})&quot;,&quot;font_factor&quot;:&quot;1.25&quot;}'>\n            \n<div class=\"kksr-stars\">\n    \n<div class=\"kksr-stars-inactive\">\n            <div class=\"kksr-star\" data-star=\"1\" style=\"padding-right: 5px\">\n            \n\n<div class=\"kksr-icon\" style=\"width: 0px; height: 0px;\"><\/div>\n        <\/div>\n            <div class=\"kksr-star\" data-star=\"2\" style=\"padding-right: 5px\">\n            \n\n<div class=\"kksr-icon\" style=\"width: 0px; height: 0px;\"><\/div>\n        <\/div>\n            <div class=\"kksr-star\" data-star=\"3\" style=\"padding-right: 5px\">\n            \n\n<div class=\"kksr-icon\" style=\"width: 0px; height: 0px;\"><\/div>\n        <\/div>\n            <div class=\"kksr-star\" data-star=\"4\" style=\"padding-right: 5px\">\n            \n\n<div class=\"kksr-icon\" style=\"width: 0px; height: 0px;\"><\/div>\n        <\/div>\n            <div class=\"kksr-star\" data-star=\"5\" style=\"padding-right: 5px\">\n            \n\n<div class=\"kksr-icon\" style=\"width: 0px; height: 0px;\"><\/div>\n        <\/div>\n    <\/div>\n    \n<div class=\"kksr-stars-active\" style=\"width: 0px;\">\n            <div class=\"kksr-star\" style=\"padding-right: 5px\">\n            \n\n<div class=\"kksr-icon\" style=\"width: 0px; height: 0px;\"><\/div>\n        <\/div>\n            <div class=\"kksr-star\" style=\"padding-right: 5px\">\n            \n\n<div class=\"kksr-icon\" style=\"width: 0px; height: 0px;\"><\/div>\n        <\/div>\n            <div class=\"kksr-star\" style=\"padding-right: 5px\">\n            \n\n<div class=\"kksr-icon\" style=\"width: 0px; height: 0px;\"><\/div>\n        <\/div>\n            <div class=\"kksr-star\" style=\"padding-right: 5px\">\n            \n\n<div class=\"kksr-icon\" style=\"width: 0px; height: 0px;\"><\/div>\n        <\/div>\n            <div class=\"kksr-star\" style=\"padding-right: 5px\">\n            \n\n<div class=\"kksr-icon\" style=\"width: 0px; height: 0px;\"><\/div>\n        <\/div>\n    <\/div>\n<\/div>\n                \n\n<div class=\"kksr-legend\" style=\"font-size: 0px;\">\n            <span class=\"kksr-muted\">Rate this page<\/span>\n    <\/div>\n    <\/div>\n","protected":false},"excerpt":{"rendered":"<p>Fiesta de empresa en Provenza Artistas con talento, animaciones originales y guiones para veladas tem\u00e1ticas que har\u00e1n de sus celebraciones momentos inolvidables. Cerca de 30 escenarios y artistas diferentes. Servicio en toda la Provenza De 10 hasta 500+ participantes Organizaci\u00f3n llave en mano y servicio personalizado \u00a1Creamos el ambiente con el que sue\u00f1as! Oleis Travel [&hellip;]<\/p>\n","protected":false},"author":1,"featured_media":0,"parent":0,"menu_order":0,"comment_status":"closed","ping_status":"closed","template":"","meta":{"_acf_changed":false,"footnotes":""},"class_list":["post-1083","page","type-page","status-publish","hentry"],"acf":[],"_links":{"self":[{"href":"https:\/\/oleis-travelevents.org\/es\/wp-json\/wp\/v2\/pages\/1083","targetHints":{"allow":["GET"]}}],"collection":[{"href":"https:\/\/oleis-travelevents.org\/es\/wp-json\/wp\/v2\/pages"}],"about":[{"href":"https:\/\/oleis-travelevents.org\/es\/wp-json\/wp\/v2\/types\/page"}],"author":[{"embeddable":true,"href":"https:\/\/oleis-travelevents.org\/es\/wp-json\/wp\/v2\/users\/1"}],"replies":[{"embeddable":true,"href":"https:\/\/oleis-travelevents.org\/es\/wp-json\/wp\/v2\/comments?post=1083"}],"version-history":[{"count":10,"href":"https:\/\/oleis-travelevents.org\/es\/wp-json\/wp\/v2\/pages\/1083\/revisions"}],"predecessor-version":[{"id":2622,"href":"https:\/\/oleis-travelevents.org\/es\/wp-json\/wp\/v2\/pages\/1083\/revisions\/2622"}],"wp:attachment":[{"href":"https:\/\/oleis-travelevents.org\/es\/wp-json\/wp\/v2\/media?parent=1083"}],"curies":[{"name":"wp","href":"https:\/\/api.w.org\/{rel}","templated":true}]}}